
{"id":7991,"date":"2022-10-18T19:27:42","date_gmt":"2022-10-18T16:27:42","guid":{"rendered":"https:\/\/www.ihu.gr\/ucips\/?page_id=7991"},"modified":"2026-01-26T14:22:16","modified_gmt":"2026-01-26T12:22:16","slug":"trisevgeni-papadakou","status":"publish","type":"page","link":"https:\/\/www.ihu.gr\/ucips\/cv\/trisevgeni-papadakou","title":{"rendered":"Trisevgeni Papadakou"},"content":{"rendered":"<div class=\"fusion-fullwidth fullwidth-box fusion-builder-row-1 fusion-flex-container nonhundred-percent-fullwidth non-hundred-percent-height-scrolling\" style=\"--awb-border-radius-top-left:0px;--awb-border-radius-top-right:0px;--awb-border-radius-bottom-right:0px;--awb-border-radius-bottom-left:0px;--awb-flex-wrap:wrap;\" ><div class=\"fusion-builder-row fusion-row fusion-flex-align-items-flex-start fusion-flex-content-wrap\" style=\"max-width:1331.2px;margin-left: calc(-4% \/ 2 );margin-right: calc(-4% \/ 2 );\"><div class=\"fusion-layout-column fusion_builder_column fusion-builder-column-0 fusion_builder_column_1_1 1_1 fusion-flex-column\" style=\"--awb-bg-size:cover;--awb-width-large:100%;--awb-margin-top-large:10px;--awb-spacing-right-large:1.92%;--awb-margin-bottom-large:10px;--awb-spacing-left-large:1.92%;--awb-width-medium:100%;--awb-order-medium:0;--awb-spacing-right-medium:1.92%;--awb-spacing-left-medium:1.92%;--awb-width-small:100%;--awb-order-small:0;--awb-spacing-right-small:1.92%;--awb-spacing-left-small:1.92%;\"><div class=\"fusion-column-wrapper fusion-column-has-shadow fusion-flex-justify-content-flex-start fusion-content-layout-column\"><div class=\"fusion-text fusion-text-1\"><h2 class=\"fusion-responsive-typography-calculated\" data-fontsize=\"34\" data-lineheight=\"49.98px\">Trisevgeni Papadakou<\/h2>\n<p><img decoding=\"async\" class=\" wp-image-7992 alignleft\" src=\"https:\/\/www.ihu.gr\/ucips\/wp-content\/uploads\/sites\/4\/2022\/10\/IMG_9776_ed2.jpg\" alt=\"\" width=\"200\" height=\"164\" srcset=\"https:\/\/www.ihu.gr\/ucips\/wp-content\/uploads\/sites\/4\/2022\/10\/IMG_9776_ed2-200x164.jpg 200w, https:\/\/www.ihu.gr\/ucips\/wp-content\/uploads\/sites\/4\/2022\/10\/IMG_9776_ed2.jpg 240w\" sizes=\"(max-width: 200px) 100vw, 200px\" \/><\/p>\n<p>Trisevgeni Papadakou is an Academic Scholar at the School of Humanities, Social Sciences and Economics, International Hellenic University. She holds a bachelor\u2019s degree in Archaeology, a master\u2019s degree in Prehistoric Archaeology and a PhD from the Aristotle University of Thessaloniki. Trisevgeni specializes in prehistory and specifically in pottery analysis and the study of archaeobotanical remains. Her PhD, completed with a scholarship from the Onassis Foundation, involves the development of an interdisciplinary methodology for the study of Early Neolithic pottery.<\/p>\n<p>Trisevgeni has worked as a researcher and field archaeologist, and participates in a number of large-scale research projects, focusing on the study of material culture and the exploitation of the environment in Prehistory. Moreover, she is a translator of academic works (books, conference proceedings, journal articles) on archaeology, history, and history of art, from and into English.<\/p>\n<p><strong>Research Programmes<\/strong><\/p>\n<ul>\n<li>EXPLO &#8211; Exploring the dynamics and causes of prehistoric land use change in the cradle of European farming, funded by ERC, (2020-2024) <a href=\"https:\/\/exploproject.eu\/\">https:\/\/exploproject.eu\/<\/a><\/li>\n<li>Tools, Techniques and Specialists: the keys to understand the Mesolithic-Neolithic transition in Mediterranean Europe (Tool &amp; Tech) Institution: Proyectos de I+D (PID2020-112513RB-I00). Ministry of Science and Innovation (Spain). (2021-2025)<\/li>\n<li>THALES-Exploring research programme, \u201cExploitation of resources in the Neolithic period in northern Greece. Material culture and environment.\u201d This research has been co-financed by the European Union (European Social Fund \u2013 ESF) and Greek national funds through the Operational Program \u201cEducation and Lifelong Learning\u201d of the National Strategic Reference Framework (NSRF) \u2013 Research Funding Program: Thales. (2012-2015)<\/li>\n<li>\u201cDigitization and Archiving of Archaeological Publications in the Daily and Periodical Press of the Period 1832\u20131932\u201d, Information Society Operational Programme, Department of Archaeology, Aristotle University of Thessaloniki (2008)<\/li>\n<\/ul>\n<p><strong>Publications (selected)<\/strong><\/p>\n<ul>\n<li>Plika, P., Manoledakis, M., Papadakou, T., Mentesidou, E., Basakyrou, A. \u201cMundane ceramics: a case of overlooked handmade pottery from Iron Age northern Greece\u201d <em>31st Annual Meeting of the European Association of Archaeologists, 2nd-6th September 2025, Belgrade virtual<\/em>. (conference paper and forthcoming publication)<\/li>\n<li>Papadakou, T., Saridaki, N., Intze, Z., Papaioannou, A., Urem-Kotsou, D. 2024. \u201cThe Neolithic settlement of Ritini. What we can learn from the ceramic vessels of prehistoric people.\u201d In: <em>Proceedings of the 1<sup>st<\/sup> Conference on the local history of Ritini, Pieria, 25-27 August 2023, Ritini, <\/em>Ritini, pp. 66-78<\/li>\n<li>Papadakou, T., K. Kotsakis, D. Urem-Kotsou. \u201cDistribution of organic-tempered pottery in SE Europe and the Near East: a complex picture. The case of northern Greece\u201d, <em>Open Archaeology <\/em>7, 1425\u20131443, <a href=\"https:\/\/doi.org\/10.1515\/opar-2020-0197\">https:\/\/doi.org\/10.1515\/opar-2020-0197<\/a><\/li>\n<li>Saridaki, N., K. Kotsakis, D. Urem-Kotsou, T. Papadakou, A. Papaioannou. 2019. Production practices during the Neolithic in Pieria, Macedonia (Northern Greece). In: Amicone, S., Quinn, P., Mari\u0107, M., Mirkovi\u0107-Mari\u0107, N., Radivojevi\u0107, M. (Eds) <em>Tracing pottery making recipes in the Balkans<\/em>, <em>6th<\/em> \u2013 <em>4th millennium BC<\/em>. Archaeopress, 129-143.<\/li>\n<li>Urem-Kotsou, D., A. Dimoula, G. Elezi, T. Papadakou, A. Papaioannou, N. Saridaki, I. Siamidou, T. Silva, E. Tzemopoulou, K. Kotsakis. 2017. Patterns in contemporaneous ceramic traditions: inter-regional relations between Thessaly and Macedonia during the Early and Middle Neolithic. In: Sarris, A., E. Kalogiropoulou, T. Kalayci &amp; L. Karimali (eds.) <em>Communities, Landscapes, and Interaction in Neolithic Greece, <\/em>(1st ed., Vol. 20, pp. 324\u2013338). Berghahn Books. https:\/\/doi.org\/10.2307\/j.ctvw049k3.28<\/li>\n<li>Papadakou, T., K. Kotsakis, D. Urem-Kotsou. \u201cEarly Neolithic Pottery from the site Paliambela Kolindros\u201d, <em>The Archaeological Work in Macedonia and Thrace<\/em> 2012 [in Greek]<\/li>\n<li>Urem-Kotsou, D., A. Papaioannou, T. Papadakou, N. Saridaki, Z. Intze. 2014. Pottery and Stylistic Boundaries. Early and Middle Neolithic Pottery in Macedonia. In: Stefani, E., N. Merousis, &amp; A. Dimoula (eds.) <em>A Century of Research in Prehistoric Macedonia 1912-2012<\/em>, Thessaloniki: Archaeological Museum of Thessaloniki Publications, pp. 505-518<\/li>\n<\/ul>\n<p><strong>Conference presentations (selected)<\/strong><\/p>\n<ul>\n<li>Papadakou, T. &amp; Kotsakis, K. \u201cHabitational patterns in Early Neolithic Greece\u201d, <em>2<sup>nd<\/sup> International Conference on the Emergence of the Neolithic in Europe, 22-25 May 2025, <\/em>Zadar<\/li>\n<li>Manoledakis, M., Plika, P., Papadakou, T., Basakyrou, A., Malami, E. \u201c\u0391\u03bd\u03b1\u03c3\u03ba\u03b1\u03c6\u03ae \u03c4\u03bf\u03c5 \u0394\u03b9\u03b5\u03b8\u03bd\u03bf\u03cd\u03c2 \u03a0\u03b1\u03bd\u03b5\u03c0\u03b9\u03c3\u03c4\u03b7\u03bc\u03af\u03bf\u03c5 \u03c4\u03b7\u03c2 \u0395\u03bb\u03bb\u03ac\u03b4\u03bf\u03c2 \u03c3\u03c4\u03b7\u03bd \u03a4\u03c1\u03ac\u03c0\u03b5\u03b6\u03b1 \u039d\u03ad\u03bf\u03c5 \u03a1\u03c5\u03c3\u03af\u03bf\u03c5\u2013\u039a\u03b1\u03c1\u03b4\u03af\u03b1\u03c2 2024\u201d, <em>\u0391<\/em><em>rchaiologiko \u0395<\/em><em>rgo sti Makedonia kai Thraki<\/em> 37, 2025<\/li>\n<\/ul>\n<ul>\n<li>Papadakou, T., Tsartsidou, G. \u201cPhytolith analysis of organic temper in clay.\u201d <em>EXPLO. Exploring the dynamics and causes of prehistoric land use change in the cradle of European farming, Final meeting, Aristotle University Research Dissemination Center<\/em>, January 7-8, 2025<\/li>\n<\/ul>\n<ul>\n<li>Papadakou, T. \u201cFeeding the clay: where plant management and clay technologies converge.\u201d <em>29<sup>th<\/sup> meeting of the European Association of Archaeologists, 30 Aug-2 Sep 2023<\/em>, Belfast<\/li>\n<li>Plika, P., Manoledakis, M., Mentesidou, E., Papadakou, T. \u201cSettlements in the fluid landscape of the Iron Age in northern Greece: the case of Neo Rysio in central Macedonia.\u201d <em>29th Annual Meeting of the European Association of Archaeologists, 30th August-2nd September 2023, <\/em>Belfast<\/li>\n<li>Papadakou, T., Tsartsidou, G. \u201cUsing phytoliths to talk about potters.\u201d <em>2nd Meeting of the Archaeobotany in Greece Group, January 2023<\/em>, AUTh, Thessaloniki<\/li>\n<li>Papadakou, T., G. Tsartsidou, L. Papadopoulou, K. Kotsakis, S. Valamoti, D. Urem-Kotsou. 2016. Phytoliths in pottery: bringing together different aspects of the Neolithic. <em>Workshop on the Analysis of Microscopic Particles in Archaeological Samples (WAMPAS), Max Planck Institute for Evolutionary Anthropology, Leibzig, Germany, 6-8 December 2016<\/em><\/li>\n<li>Papadakou, T., A. Papaioannou, G. Elezi, I. Siamidou, E. Tzemopoulou &amp; D. Urem-Kotsou. 2015. Pottery production and consumption during the Early and Middle Neolithic. <em>Exploitation of resources in the Neolithic Period in Northern Greece. Material culture and environment. Interim Results.<\/em> <em>Workshop, Thessaloniki, 13.03.2015<\/em><\/li>\n<li>Urem-Kotsou, D., T. Papadakou, A. Papaioannou, T. Silva, G. Elezi, N. Saridaki, A. Dimoula, K. Kotsakis. Different Ways of Crafting a Pot: Variation in the techniques of Neolithic potters in northern Greece. <em>20th Annual Meeting of the European Association of Archaeologists<\/em><em>, Istanbul, Turkey,<\/em> <em>10-14 September 2014<\/em><\/li>\n<li>Dimoula, A., N. Saridaki, A. Papaioannou, T. Papadakou, D. Urem-Kotsou, K. Kotsakis. 2014. Mobile Pots. Regional Interaction during the Neolithic Period in Northern Greece. <em>Northern Greece and Southeastern Europe during the Neolithic Period: An Interaction Zone. Archaeological Museum of Thessaloniki, Thessaloniki<\/em>,<em> 26-29 June 2014<\/em><\/li>\n<\/ul>\n<p><strong>Translations (selected works)<\/strong><\/p>\n<ul>\n<li>\u201cThe Human Past\u201d, C. Scarre (ed.) 4th edition, edited in Greek by S.M. Valamoti, University Studio Press 2024<\/li>\n<li>\u201cThe Allied Army of the Orient in Thessaloniki, 1915-1918: the city and its representations\u201d (Museum of Byzantine Culture, Thessaloniki 2020)<\/li>\n<li>\u201cThe Desire for Freedom: Art in Europe Since 1945 Beyond Boundaries (Macedonian Museum of Contemporary Art, Thessaloniki 2014)<\/li>\n<li>\u201cACE \u2013 Archaeology in Europe: professional practice and public outreach\u201d (European funded research project, Aristotle University of Thessaloniki, 2007-2012)<\/li>\n<\/ul>\n<\/div><\/div><\/div><\/div><\/div>\n","protected":false},"excerpt":{"rendered":"","protected":false},"author":1,"featured_media":0,"parent":3268,"menu_order":0,"comment_status":"closed","ping_status":"closed","template":"","meta":{"_acf_changed":false,"footnotes":""},"class_list":["post-7991","page","type-page","status-publish","hentry"],"acf":[],"_links":{"self":[{"href":"https:\/\/www.ihu.gr\/ucips\/wp-json\/wp\/v2\/pages\/7991","targetHints":{"allow":["GET"]}}],"collection":[{"href":"https:\/\/www.ihu.gr\/ucips\/wp-json\/wp\/v2\/pages"}],"about":[{"href":"https:\/\/www.ihu.gr\/ucips\/wp-json\/wp\/v2\/types\/page"}],"author":[{"embeddable":true,"href":"https:\/\/www.ihu.gr\/ucips\/wp-json\/wp\/v2\/users\/1"}],"replies":[{"embeddable":true,"href":"https:\/\/www.ihu.gr\/ucips\/wp-json\/wp\/v2\/comments?post=7991"}],"version-history":[{"count":3,"href":"https:\/\/www.ihu.gr\/ucips\/wp-json\/wp\/v2\/pages\/7991\/revisions"}],"predecessor-version":[{"id":16265,"href":"https:\/\/www.ihu.gr\/ucips\/wp-json\/wp\/v2\/pages\/7991\/revisions\/16265"}],"up":[{"embeddable":true,"href":"https:\/\/www.ihu.gr\/ucips\/wp-json\/wp\/v2\/pages\/3268"}],"wp:attachment":[{"href":"https:\/\/www.ihu.gr\/ucips\/wp-json\/wp\/v2\/media?parent=7991"}],"curies":[{"name":"wp","href":"https:\/\/api.w.org\/{rel}","templated":true}]}}