
{"id":5632,"date":"2021-10-13T14:48:43","date_gmt":"2021-10-13T11:48:43","guid":{"rendered":"https:\/\/www.ihu.gr\/ucips\/?page_id=5632"},"modified":"2026-03-27T14:05:24","modified_gmt":"2026-03-27T12:05:24","slug":"eleni-mentesidou","status":"publish","type":"page","link":"https:\/\/www.ihu.gr\/ucips\/cv\/eleni-mentesidou","title":{"rendered":"Eleni Mentesidou"},"content":{"rendered":"<div class=\"fusion-fullwidth fullwidth-box fusion-builder-row-1 fusion-flex-container nonhundred-percent-fullwidth non-hundred-percent-height-scrolling\" style=\"--awb-border-radius-top-left:0px;--awb-border-radius-top-right:0px;--awb-border-radius-bottom-right:0px;--awb-border-radius-bottom-left:0px;--awb-flex-wrap:wrap;\" ><div class=\"fusion-builder-row fusion-row fusion-flex-align-items-flex-start fusion-flex-content-wrap\" style=\"max-width:1331.2px;margin-left: calc(-4% \/ 2 );margin-right: calc(-4% \/ 2 );\"><div class=\"fusion-layout-column fusion_builder_column fusion-builder-column-0 fusion_builder_column_1_1 1_1 fusion-flex-column\" style=\"--awb-bg-size:cover;--awb-width-large:100%;--awb-margin-top-large:10px;--awb-spacing-right-large:1.92%;--awb-margin-bottom-large:10px;--awb-spacing-left-large:1.92%;--awb-width-medium:100%;--awb-order-medium:0;--awb-spacing-right-medium:1.92%;--awb-spacing-left-medium:1.92%;--awb-width-small:100%;--awb-order-small:0;--awb-spacing-right-small:1.92%;--awb-spacing-left-small:1.92%;\"><div class=\"fusion-column-wrapper fusion-column-has-shadow fusion-flex-justify-content-flex-start fusion-content-layout-column\"><div class=\"fusion-text fusion-text-1\"><h2>Dr. Eleni Mentesidou<\/h2>\n<p><a href=\"https:\/\/www.ihu.gr\/ucips\/wp-content\/uploads\/sites\/4\/2021\/10\/eleni-mentesidou.jpg\"><img decoding=\"async\" class=\"size-thumbnail wp-image-5633 alignleft\" src=\"https:\/\/www.ihu.gr\/ucips\/wp-content\/uploads\/sites\/4\/2021\/10\/eleni-mentesidou-150x150.jpg\" alt=\"\" width=\"150\" height=\"150\" srcset=\"https:\/\/www.ihu.gr\/ucips\/wp-content\/uploads\/sites\/4\/2021\/10\/eleni-mentesidou-66x66.jpg 66w, https:\/\/www.ihu.gr\/ucips\/wp-content\/uploads\/sites\/4\/2021\/10\/eleni-mentesidou-150x150.jpg 150w, https:\/\/www.ihu.gr\/ucips\/wp-content\/uploads\/sites\/4\/2021\/10\/eleni-mentesidou.jpg 180w\" sizes=\"(max-width: 150px) 100vw, 150px\" \/><\/a><\/p>\n<p>Dr Eleni Mentesidou is a Classical Archaeologist specialising in ancient religion, ritual practice, and sacred landscapes, with a regional focus on Macedonia and the Black Sea. She is an Academic Associate at the International Hellenic University, where she teaches in English-taught MA programmes and supervises postgraduate research.<\/p>\n<p>She holds a PhD from the Democritus University of Thrace (2020) on the cults of Sinope, as well as MA degrees in Black Sea Cultural Studies (International Hellenic University) and Classical Archaeology (Aristotle University of Thessaloniki). Her research integrates archaeological context, material culture, and written sources to investigate religious experience, regional identities, and cultural interaction in the ancient Greek world.<\/p>\n<p>From 2005 to 2020, she worked as an archaeologist for the Hellenic Ministry of Culture, directing and participating in excavations in northern Greece and contributing to documentation and museum projects. She is actively engaged in international research networks, conference organisation, and collaborative field projects in Greece and the Black Sea region.<\/p>\n<h3><strong>Publications<\/strong> <strong>\u00a0(selected)<\/strong><\/h3>\n<ol>\n<li>Kotsos, S., Mentesidou, E., Radis, O. &amp; Kousoula, A. (forthcoming). \u2018\u0391\u03bd\u03b1\u03c3\u03ba\u03b1\u03c6\u03b9\u03ba\u03ad\u03c2 \u0388\u03c1\u03b5\u03c5\u03bd\u03b5\u03c2 \u03c3\u03c4\u03b7 \u0394\u03c5\u03c4\u03b9\u03ba\u03ae \u0395\u03c3\u03c9\u03c4\u03b5\u03c1\u03b9\u03ba\u03ae \u03a0\u03b5\u03c1\u03b9\u03c6\u03b5\u03c1\u03b5\u03b9\u03b1\u03ba\u03ae \u039f\u03b4\u03cc \u0398\u03b5\u03c3\u03c3\u03b1\u03bb\u03bf\u03bd\u03af\u03ba\u03b7\u03c2\u2019. <em>The Archaeological Work in Macedonia and Thrace<\/em>, 33.<\/li>\n<li>Mentesidou, E. (in press). \u2018Two Finds from Sinope and Their Contribution to Understanding the Temple of the City\u2019. <em>Ancient East and West<\/em>, 25.<\/li>\n<li>Mentesidou, E. (2025). \u2018The Temple(s) of Apollo in Sinope: A Preliminary Study\u2019. In Tsetskhladze, G. R., Hargrave, J. &amp; Manoledakis, M. (eds), <em>The Black Sea: Hub of Peoples and Cultures (8th Century BC\u20135th\/6th Century AD). Proceedings of the Seventh International Congress on Black Sea Antiquities (Thessaloniki, 2022)<\/em>, pp. 345\u2013353. Oxford.<\/li>\n<li>\u039c\u03b5\u03bd\u03c4\u03b5\u03c3\u03af\u03b4\u03bf\u03c5, \u03a4. \u0395. (2025). \u2018\u039f \u03a0\u03cc\u03bd\u03c4\u03bf\u03c2 \u03ba\u03b1\u03c4\u03ac \u03c4\u03b7\u03bd \u0391\u03c1\u03c7\u03b1\u03b9\u03cc\u03c4\u03b7\u03c4\u03b1\u2019. In Fotiadis, \u039a. (ed.), <i> \u0399\u03c3\u03c4\u03bf\u03c1\u03af\u03b1 \u03ba\u03b1\u03b9 \u03a0\u03bf\u03bb\u03b9\u03c4\u03b9\u03c3\u03bc\u03cc\u03c2 \u03c4\u03c9\u03bd \u0395\u03bb\u03bb\u03ae\u03bd\u03c9\u03bd \u03c4\u03bf\u03c5 \u03a0\u03cc\u03bd\u03c4\u03bf\u03c5: \u03a0\u03cc\u03bd\u03c4\u03bf\u03c2: \u0394\u03b9\u03ba\u03b1\u03af\u03c9\u03bc\u03b1 \u03ba\u03b1\u03b9 \u03a5\u03c0\u03bf\u03c7\u03c1\u03ad\u03c9\u03c3\u03b7 \u03c3\u03c4\u03b7 \u039c\u03bd\u03ae\u03bc\u03b7<\/i>, pp. 19\u201334. Thessaloniki.<\/li>\n<li>Mentesidou, E. (2022). \u2018Reconsidering the Identification of the Female Figure of the Sinopean Coins\u2019. <em>Mare Ponticum<\/em>, 10(1), pp. 114\u2013131.<\/li>\n<li>Mentesidou, E., \u015eirin, O. A. &amp; Kola\u011fasio\u011flu, M. (2022). \u2018Roman Amisos: A Study on Graves and Grave Findings\u2019. In Braund, D., Chaniotis, A. &amp; Petropoulos, E. K. (eds), <em>Proceedings of the International Symposium on the Black Sea Region in the Context of the Roman Empire (Athens, 5\u20138 May 2016)<\/em>, pp. 217\u2013229. Athens.<\/li>\n<li>Mentesidou, E. (2019). \u2018\u039f \u039b\u03b5\u03b3\u03cc\u03bc\u03b5\u03bd\u03bf\u03c2 \u201c\u039d\u03b1\u03cc\u03c2 \u03c4\u03bf\u03c5 \u03a3\u03b1\u03c1\u03ac\u03c0\u03b9\u03b4\u03bf\u03c2\u201d \u03c3\u03c4\u03b7 \u03a3\u03b9\u03bd\u03ce\u03c0\u03b7 \u03c4\u03bf\u03c5 \u03a0\u03cc\u03bd\u03c4\u03bf\u03c5: \u039d\u03ad\u03b1 \u03a0\u03c1\u03bf\u03c3\u03ad\u03b3\u03b3\u03b9\u03c3\u03b7 \u0395\u03bd\u03cc\u03c2 \u03a0\u03b1\u03bb\u03b1\u03b9\u03bf\u03cd \u0395\u03c5\u03c1\u03ae\u03bc\u03b1\u03c4\u03bf\u03c2\u2019. In Akamatis, N., Vouvoulis, A., Laftsidis, A. &amp; Poulakakis, N. (eds), <em>\u03a4\u1ff7 \u03b4\u03b9\u03b4\u03b1\u03c3\u03ba\u03ac\u03bb\u1ff3: \u03a4\u03b9\u03bc\u03b7\u03c4\u03b9\u03ba\u03cc\u03c2 \u03c4\u03cc\u03bc\u03bf\u03c2 \u03b3\u03b9\u03b1 \u03c4\u03bf\u03bd \u03ba\u03b1\u03b8\u03b7\u03b3\u03b7\u03c4\u03ae \u0399\u03c9\u03ac\u03bd\u03bd\u03b7 \u0391\u03ba\u03b1\u03bc\u03ac\u03c4\u03b7<\/em>, pp. 263\u2013274. Thessaloniki.<\/li>\n<li>Mentesidou, E. (2019). \u2018Religion and Cultural Interactions in the Black Sea: The Cult of the Mother of the Gods or Cybele\/Kybele in Sinope\u2019. In Kaba, H., \u015eahin, K. G., Akarsu, B. M. &amp; Bozo\u011flan, O. (eds), <em>Proceedings of the International Symposium on Sinope and Black Sea Archaeology<\/em>, pp. 53\u201363. Sinop.<\/li>\n<li>Tsigarida, A., Athanasiadis, I., Alevizou, E. &amp; Mentesidou, E. (2017). \u2018\u0391\u03bd\u03b1\u03c3\u03ba\u03b1\u03c6\u03ae \u03b4\u03cd\u03bf \u03bd\u03b5\u03ba\u03c1\u03bf\u03c4\u03b1\u03c6\u03b5\u03af\u03c9\u03bd \u03c3\u03b5 \u03b1\u03b3\u03c1\u03bf\u03c4\u03b9\u03ba\u03ad\u03c2 \u03c0\u03b5\u03c1\u03b9\u03bf\u03c7\u03ad\u03c2 \u03c4\u03bf\u03c5 \u0394\u03ae\u03bc\u03bf\u03c5 \u039a\u03b1\u03c3\u03c3\u03ac\u03bd\u03b4\u03c1\u03b1\u03c2 \u03a7\u03b1\u03bb\u03ba\u03b9\u03b4\u03b9\u03ba\u03ae\u03c2\u2019. <em>The Archaeological Work in Macedonia and Thrace<\/em>, 26, pp. 483\u2013490.<\/li>\n<li>Mentesidou, E. (2015). \u2018Komana: A New Find from Hamamtepe and a Preliminary Study on the Sanctuary\u2019s Cults\u2019. In Erciyas, B. D. &amp; Tatbul, M. N. (eds), <em>The Medieval Settlement at Komana<\/em>, pp. 209\u2013226. Ankara.<\/li>\n<li>Mentesidou, E. (2008). \u2018\u03a4\u03b1 \u03a0\u03b1\u03c1\u03c7\u03ac\u03c1\u03b9\u03b1 \u03c3\u03c4\u03bf\u03bd \u0386\u03b3\u03b9\u03bf \u0394\u03b7\u03bc\u03ae\u03c4\u03c1\u03b9\u03bf \u039a\u03bf\u03b6\u03ac\u03bd\u03b7\u03c2\u2019. In Sergis, M. G. (ed.), <em>Pontus<\/em>, pp. 269\u2013289. Athens.<\/li>\n<li>Mentesidou, E. (2008). \u2018\u0391\u03bc\u03ac\u03c3\u03b5\u03b9\u03b1. \u0397 \u03c0\u03c1\u03ce\u03c4\u03b7 \u03c0\u03c1\u03c9\u03c4\u03b5\u03cd\u03bf\u03c5\u03c3\u03b1 \u03c4\u03bf\u03c5 \u03a0\u03cc\u03bd\u03c4\u03bf\u03c5 (Amaseia: The First Capital of Pontos)\u2019. In Kiriakidis, Th. &amp; Chatzikiriakidis, K. (eds), <em>Proceedings of the 2nd International Conference for Pontus<\/em>, pp. 63\u201390. Thessaloniki.<\/li>\n<\/ol>\n<h3><strong>Conference presentations (selected)<\/strong><\/h3>\n<ol>\n<li>Mentesidou, E. (2025). \u2018Dance to the End of Life: Ritual, Art, and Identity in Hellenistic Sinope. Dancer Figurines in Context\u2019. <em>Music, Dance, and Soundscapes in the World of Alexander the Great<\/em>, 15\u201319 October, Thessaloniki.<\/li>\n<li>Mentesidou, E. (2025). \u2018Beyond the Black Sea: Sinope, Magenta Ware, and the Dynamics of Hellenistic Cultural Exchange\u2019. <em>7th Conference: Hellenistic Pottery in Context<\/em>, 6\u20139 October, Brussels.<\/li>\n<li>Plika, P., Manoledakis, M., Mentesidou, E. &amp; Papadakou, T. (2025). \u2018Mundane Ceramics: A Case of Overlooked Handmade Pottery from Iron Age Northern Greece\u2019. <em>31st Annual Meeting of the European Association of Archaeologists<\/em>, 2\u20136 September, Belgrade (Virtual).<\/li>\n<li>Mentesidou, E. (2025). \u2018Decoding the Mithras Cult in Colonia Iulia Felix Sinope: Archaeological Insights\u2019. <em>31st Annual Meeting of the European Association of Archaeologists<\/em>, 2\u20136 September, Belgrade (Virtual).<\/li>\n<li>Mentesidou, E. (2024). \u2018Sinope and Sister Colonies Nexus: Exploring Maritime Heterotopias and Cultural Interconnectedness in the Black Sea through Common Coin Types\u2019. <em>30th Annual Meeting of the European Association of Archaeologists<\/em>, 28\u201331 August, Rome.<\/li>\n<li>Mentesidou, E. (2024). \u2018The Journey of \u201cKing\u201d Skydrothemis from Behistan to Sinope\u2019. <em>2nd International Conference \u201cIndia\u2013Greece: History, Society, Science &amp; Entrepreneurship\u201d<\/em>, 2\u20136 December, Thessaloniki.<\/li>\n<li>Plika, P., Manoledakis, M., Mentesidou, E. &amp; Papadakou, T. (2023). \u2018Settlements in the Fluid Landscape of the Iron Age in Northern Greece: The Case of Neo Rysio in Central Macedonia\u2019. <em>29th Annual Meeting of the European Association of Archaeologists<\/em>, 30 August \u2013 2 September, Belfast.<\/li>\n<\/ol>\n<\/div><\/div><\/div><\/div><\/div>\n","protected":false},"excerpt":{"rendered":"","protected":false},"author":1,"featured_media":0,"parent":3268,"menu_order":0,"comment_status":"closed","ping_status":"closed","template":"","meta":{"_acf_changed":false,"footnotes":""},"class_list":["post-5632","page","type-page","status-publish","hentry"],"acf":[],"_links":{"self":[{"href":"https:\/\/www.ihu.gr\/ucips\/wp-json\/wp\/v2\/pages\/5632","targetHints":{"allow":["GET"]}}],"collection":[{"href":"https:\/\/www.ihu.gr\/ucips\/wp-json\/wp\/v2\/pages"}],"about":[{"href":"https:\/\/www.ihu.gr\/ucips\/wp-json\/wp\/v2\/types\/page"}],"author":[{"embeddable":true,"href":"https:\/\/www.ihu.gr\/ucips\/wp-json\/wp\/v2\/users\/1"}],"replies":[{"embeddable":true,"href":"https:\/\/www.ihu.gr\/ucips\/wp-json\/wp\/v2\/comments?post=5632"}],"version-history":[{"count":10,"href":"https:\/\/www.ihu.gr\/ucips\/wp-json\/wp\/v2\/pages\/5632\/revisions"}],"predecessor-version":[{"id":16757,"href":"https:\/\/www.ihu.gr\/ucips\/wp-json\/wp\/v2\/pages\/5632\/revisions\/16757"}],"up":[{"embeddable":true,"href":"https:\/\/www.ihu.gr\/ucips\/wp-json\/wp\/v2\/pages\/3268"}],"wp:attachment":[{"href":"https:\/\/www.ihu.gr\/ucips\/wp-json\/wp\/v2\/media?parent=5632"}],"curies":[{"name":"wp","href":"https:\/\/api.w.org\/{rel}","templated":true}]}}