
{"id":11373,"date":"2023-10-03T16:24:22","date_gmt":"2023-10-03T13:24:22","guid":{"rendered":"https:\/\/www.ihu.gr\/ucips\/?page_id=11373"},"modified":"2023-10-03T16:24:22","modified_gmt":"2023-10-03T13:24:22","slug":"fragiskos-archontakis","status":"publish","type":"page","link":"https:\/\/www.ihu.gr\/ucips\/cv\/fragiskos-archontakis","title":{"rendered":"Fragiskos Archontakis"},"content":{"rendered":"<div class=\"fusion-fullwidth fullwidth-box fusion-builder-row-1 fusion-flex-container nonhundred-percent-fullwidth non-hundred-percent-height-scrolling\" style=\"--awb-border-radius-top-left:0px;--awb-border-radius-top-right:0px;--awb-border-radius-bottom-right:0px;--awb-border-radius-bottom-left:0px;--awb-flex-wrap:wrap;\" ><div class=\"fusion-builder-row fusion-row fusion-flex-align-items-flex-start fusion-flex-content-wrap\" style=\"max-width:1331.2px;margin-left: calc(-4% \/ 2 );margin-right: calc(-4% \/ 2 );\"><div class=\"fusion-layout-column fusion_builder_column fusion-builder-column-0 fusion_builder_column_1_1 1_1 fusion-flex-column\" style=\"--awb-bg-size:cover;--awb-width-large:100%;--awb-margin-top-large:10px;--awb-spacing-right-large:1.92%;--awb-margin-bottom-large:10px;--awb-spacing-left-large:1.92%;--awb-width-medium:100%;--awb-order-medium:0;--awb-spacing-right-medium:1.92%;--awb-spacing-left-medium:1.92%;--awb-width-small:100%;--awb-order-small:0;--awb-spacing-right-small:1.92%;--awb-spacing-left-small:1.92%;\"><div class=\"fusion-column-wrapper fusion-column-has-shadow fusion-flex-justify-content-flex-start fusion-content-layout-column\"><div class=\"fusion-text fusion-text-1\"><h2>Fragiskos Archontakis<\/h2>\n<p><strong><img decoding=\"async\" class=\"alignleft size-full wp-image-11374\" src=\"https:\/\/www.ihu.gr\/ucips\/wp-content\/uploads\/sites\/4\/2023\/10\/Archontakis.jpg\" alt=\"\" width=\"135\" height=\"170\" \/><\/strong><\/p>\n<p><span class=\"x_ContentPasted0\">Dr Fragiskos Archontakis holds an MA in Economics and Econometrics from the University of Manchester and a PhD(Econ) from the European University Institute, Florence. Prior to joining IHU, Fragiskos was employed among others by the European Commission, the Spanish High Research Council (CSIC), the University of Alicante, RAND Europe and the University of Athens.<\/span><\/p>\n<div class=\"x_ContentPasted0\">His research has appeared in international journals such as:<span class=\"x_ContentPasted0\">\u00a0<\/span><em class=\"x_ContentPasted0\">Research Policy.<\/em><span class=\"x_ContentPasted0\"><span class=\"x_ContentPasted0 x_ContentPasted1\">\u00a0<\/span><em class=\"x_ContentPasted0 x_ContentPasted1\">Journal of Technology Transfer,\u00a0<\/em><\/span><em class=\"x_ContentPasted0\">Technological Forecasting and Social Change<\/em>,\u00a0<em class=\"x_ContentPasted0 x_ContentPasted4\">Scientometrics,\u00a0<\/em><i class=\"x_ContentPasted3\">European Journal of Innovation Management<\/i>,<span class=\"x_ContentPasted0\">\u00a0<\/span><i>Econometrics<\/i>,<span class=\"x_ContentPasted0\">\u00a0<\/span><em class=\"x_ContentPasted0\">Journal of Sports Economics<\/em>,<span class=\"x_ContentPasted0\">\u00a0<\/span><em class=\"x_ContentPasted0\">Statistical Methods and Applications<\/em>.<\/div>\n<p><strong>\u00a0<\/strong><\/p>\n<p><strong>\u00a0 \u00a0<\/strong><\/p>\n<p><strong class=\"x_ContentPasted0\">SELECTED PUBLICATIONS IN ACADEMIC JOURNALS<\/strong><\/p>\n<ul>\n<li class=\"x_ContentPasted0\"><span class=\"x_ContentPasted5\"><span class=\"x_ContentPasted6\">Archontakis, F., &amp; Mosconi, R. (2021). S\u00f8ren Johansen and Katarina Juselius: A Bibliometric Analysis of Citations through Multivariate Bass Models.\u00a0<i><u>Econometrics<\/u><\/i>\u00a09: 30.<\/span><span class=\"x_ContentPasted6\">\u00a0<\/span><\/span><span class=\"x_ContentPasted5\"><i class=\"x_ContentPasted6\">Celebrated Econometricians<\/i><\/span><span class=\"x_ContentPasted5\"><span class=\"x_ContentPasted6\">, 71.<\/span><br \/>\n<\/span><\/li>\n<li class=\"x_ContentPasted0\"><span class=\"x_ContentPasted5\">Sofronas, C., Archontakis, F., &amp; Smart, P. (2019). Decision making under uncertainty? R&amp;D activity and market value during financial crisis.<\/span><span class=\"x_ContentPasted5\">\u00a0<\/span><i class=\"x_ContentPasted5\"><u>European Journal of Innovation Management<\/u><\/i><span class=\"x_ContentPasted5\">,<\/span><span class=\"x_ContentPasted5\">\u00a0<\/span><i class=\"x_ContentPasted5\">23<\/i><span class=\"x_ContentPasted5\">(3), 383-401<\/span><span class=\"x_ContentPasted5\">.<\/span><\/li>\n<li class=\"x_ContentPasted0\">Archontakis, F., &amp; Varsakelis, N. C. (2017). Patenting abroad: Evidence from OECD countries.\u00a0<em class=\"x_ContentPasted0\"><u>Technological Forecasting and Social Change<\/u><\/em>,\u00a0<em class=\"x_ContentPasted0\">116<\/em>, 62-69.<\/li>\n<li class=\"x_ContentPasted0\">Georgiou, C., Kyrgidou, L. P., Archontakis, F., &amp; Petridou, E. (2015). The role of location as a selection criterion in FDI: The case of SMEs in Greece.\u00a0<em class=\"x_ContentPasted0\"><u>Journal of East-West Business<\/u><\/em>,\u00a0<em class=\"x_ContentPasted0\">21<\/em>(3), 233-255.<\/li>\n<li class=\"x_ContentPasted0\">\u201cU.S. Patents Abroad: Does Gravity Matter?\u201d (2011), with N. C. Varsakelis,<span class=\"x_ContentPasted0\">\u00a0<\/span><em><span class=\"x_ContentPasted0\">The Journal of Technology Transfer<\/span><\/em><span class=\"x_ContentPasted0\">\u00a0<\/span>Volume 36, Number 4: 404-416.<\/li>\n<li class=\"x_ContentPasted0\">\u201cIn which Regions do Universities patent and publish more?\u201d (2007), with J. M. Azagra-Caro and A. Yegros-Yegros,<span class=\"x_ContentPasted0\">\u00a0<\/span><em><span class=\"x_ContentPasted0\">Scientometrics<\/span><\/em><span class=\"x_ContentPasted0\">\u00a0<\/span>70(2): 251-266.<\/li>\n<li class=\"x_ContentPasted0\">\u201cPlaying it Safe? A Fibonacci Strategy for Soccer Betting\u201d (2007), with E. Osborne,<span class=\"x_ContentPasted0\">\u00a0<\/span><em class=\"x_ContentPasted0\">Journal of Sports Economics<\/em><span class=\"x_ContentPasted0\">\u00a0<\/span>8(3): 295-308.<\/li>\n<li class=\"x_ContentPasted0\">\u201cFaculty support for the objectives of university\u2013industry relations versus degree of R&amp;D cooperation: The importance of regional absorptive capacity\u201d (2006), joint with J. M. Azagra-Caro, A. Guti\u00e9rrez-Gracia and I. Fern\u00e1ndez-de-Lucio,<span class=\"x_ContentPasted0\">\u00a0<\/span><em><span class=\"x_ContentPasted0\">Research Policy<\/span><\/em><span class=\"x_ContentPasted0\">\u00a0<\/span>35(1): 37-55.<\/li>\n<li class=\"x_ContentPasted0\">\u201cWhat do University Patent Routes Indicate at Regional Level?\u201d (2006), with J. M. Azagra-Caro and A. Yegros-Yegros,<span class=\"x_ContentPasted0\">\u00a0<\/span><em><span class=\"x_ContentPasted0\">Scientometrics<\/span><\/em><span class=\"x_ContentPasted0\">\u00a0<\/span>66(1): 219-230.<\/li>\n<li class=\"x_ContentPasted0\">\u201cAn Alternative Proof of Granger\u2019s Representation Theorem for I(1) Systems through Jordan Matrices\u201d (1998, but printed 2000),<span class=\"x_ContentPasted0\">\u00a0<\/span><em><span class=\"x_ContentPasted0\">Statistical Methods and Applications &#8211; Journal of the Italian Statistical Society<\/span><\/em><span class=\"x_ContentPasted0\">\u00a0<\/span>7(2): 111-127.<\/li>\n<\/ul>\n<p><strong class=\"x_ContentPasted0\">OTHER PUBLICATIONS<\/strong><\/p>\n<p><strong class=\"x_ContentPasted0\">Textbook<\/strong><\/p>\n<ul>\n<li class=\"x_ContentPasted0\"><em class=\"x_ContentPasted0\">Apuntes de Matem\u00e1ticas para Empresariales<\/em><span class=\"x_ContentPasted0\">\u00a0<\/span>(2008). \u201cLecture notes: Mathematics for Business Studies\u201d, Publicaciones de la Universidad de Alicante (in Spanish), Alicante, Spain. ISBN 978-84-7908-987-0.<\/li>\n<\/ul>\n<p><strong><span class=\"x_ContentPasted0\">Chapters in Edited Volumes<\/span><\/strong><\/p>\n<ul>\n<li class=\"x_ContentPasted0\">Soro Bonmat\u00ed, A. and F. Archontakis (2007). \u201cSpain\u201d in<span class=\"x_ContentPasted0\">\u00a0<\/span><em class=\"x_ContentPasted0\">The Rising Role and Relevance of Private Higher Education in Europe<\/em><span class=\"x_ContentPasted0\">\u00a0<\/span>by P. J. Wells, J. Sadlak &amp; L. Vl\u0103sceanu (eds), UNESCO-CEPES.<\/li>\n<li class=\"x_ContentPasted0\">Azagra-Caro, J. M., Archontakis, F. , Guti\u00e9rrez-Gracia, A. and Fern\u00e1ndez-de-Lucio, I. (2007). \u201cUniversity-industry interaction: support to cooperation versus actual cooperation in peripheral regions\u201d, R. Casas, C. De Fuentes, A. O. Vera-Cruz (eds.),<span class=\"x_ContentPasted0\">\u00a0<\/span><em class=\"x_ContentPasted0\">Acumulaci\u00f3n de capacidades tecnol\u00f3gicas, aprendizaje y cooperaci\u00f3n en la esfera global y local<\/em>, cap. 15 (p. 371-391), M\u00e9xico: UAM-ADIAT- Miguel Angel Porr\u00faa.<\/li>\n<\/ul>\n<p><strong><span class=\"x_ContentPasted0\">RAND Technical Reports<\/span><\/strong><\/p>\n<ul>\n<li class=\"x_ContentPasted0\">\u201cAn International Comparison of 10 Medical Regulatory Systems\u201d (2009; joint with H de Vries, P Sanderson, B. Janta, L. Rabinovich, S. Ismail, L. Klautzer, S. Marjanovic, B. Patruni, S. Puri and J. Tiessen),<span class=\"x_ContentPasted0\">\u00a0<\/span><em class=\"x_ContentPasted0\">RAND Technical Report TR-691-GMC<\/em>, Rand Corporation, Santa Monica, CA.<\/li>\n<li class=\"x_ContentPasted0\">\u201cThe potential cost savings of greater use of home and hospice-based end-of-life care in England\u201d (2008) (joint with E. Hatziandreu and A. Daly).<span class=\"x_ContentPasted0\">\u00a0<\/span><em class=\"x_ContentPasted0\">RAND Technical Report TR-642-NAO<\/em>, RAND Corporation, Santa Monica, CA.<\/li>\n<li class=\"x_ContentPasted0\">\u201cHealth and Medical Research in Spain-Observatory on Health Research Systems\u201d (2008).<span class=\"x_ContentPasted0\">\u00a0<\/span><em class=\"x_ContentPasted0\">RAND Documented Briefing DB-566-DH<\/em>, RAND Corporation, Santa Monica, CA<\/li>\n<\/ul>\n<\/div><\/div><\/div><\/div><\/div>\n","protected":false},"excerpt":{"rendered":"","protected":false},"author":1,"featured_media":0,"parent":3268,"menu_order":0,"comment_status":"closed","ping_status":"closed","template":"","meta":{"_acf_changed":false,"footnotes":""},"class_list":["post-11373","page","type-page","status-publish","hentry"],"acf":[],"_links":{"self":[{"href":"https:\/\/www.ihu.gr\/ucips\/wp-json\/wp\/v2\/pages\/11373","targetHints":{"allow":["GET"]}}],"collection":[{"href":"https:\/\/www.ihu.gr\/ucips\/wp-json\/wp\/v2\/pages"}],"about":[{"href":"https:\/\/www.ihu.gr\/ucips\/wp-json\/wp\/v2\/types\/page"}],"author":[{"embeddable":true,"href":"https:\/\/www.ihu.gr\/ucips\/wp-json\/wp\/v2\/users\/1"}],"replies":[{"embeddable":true,"href":"https:\/\/www.ihu.gr\/ucips\/wp-json\/wp\/v2\/comments?post=11373"}],"version-history":[{"count":1,"href":"https:\/\/www.ihu.gr\/ucips\/wp-json\/wp\/v2\/pages\/11373\/revisions"}],"predecessor-version":[{"id":11375,"href":"https:\/\/www.ihu.gr\/ucips\/wp-json\/wp\/v2\/pages\/11373\/revisions\/11375"}],"up":[{"embeddable":true,"href":"https:\/\/www.ihu.gr\/ucips\/wp-json\/wp\/v2\/pages\/3268"}],"wp:attachment":[{"href":"https:\/\/www.ihu.gr\/ucips\/wp-json\/wp\/v2\/media?parent=11373"}],"curies":[{"name":"wp","href":"https:\/\/api.w.org\/{rel}","templated":true}]}}