
{"id":11361,"date":"2023-10-03T15:51:06","date_gmt":"2023-10-03T12:51:06","guid":{"rendered":"https:\/\/www.ihu.gr\/ucips\/?page_id=11361"},"modified":"2023-10-03T15:51:06","modified_gmt":"2023-10-03T12:51:06","slug":"komninos-komnios","status":"publish","type":"page","link":"https:\/\/www.ihu.gr\/ucips\/cv\/komninos-komnios","title":{"rendered":"Komninos Komnios"},"content":{"rendered":"<div class=\"fusion-fullwidth fullwidth-box fusion-builder-row-1 fusion-flex-container nonhundred-percent-fullwidth non-hundred-percent-height-scrolling\" style=\"--awb-border-radius-top-left:0px;--awb-border-radius-top-right:0px;--awb-border-radius-bottom-right:0px;--awb-border-radius-bottom-left:0px;--awb-flex-wrap:wrap;\" ><div class=\"fusion-builder-row fusion-row fusion-flex-align-items-flex-start fusion-flex-content-wrap\" style=\"max-width:1331.2px;margin-left: calc(-4% \/ 2 );margin-right: calc(-4% \/ 2 );\"><div class=\"fusion-layout-column fusion_builder_column fusion-builder-column-0 fusion_builder_column_1_1 1_1 fusion-flex-column\" style=\"--awb-bg-size:cover;--awb-width-large:100%;--awb-margin-top-large:10px;--awb-spacing-right-large:1.92%;--awb-margin-bottom-large:10px;--awb-spacing-left-large:1.92%;--awb-width-medium:100%;--awb-order-medium:0;--awb-spacing-right-medium:1.92%;--awb-spacing-left-medium:1.92%;--awb-width-small:100%;--awb-order-small:0;--awb-spacing-right-small:1.92%;--awb-spacing-left-small:1.92%;\"><div class=\"fusion-column-wrapper fusion-column-has-shadow fusion-flex-justify-content-flex-start fusion-content-layout-column\"><div class=\"fusion-text fusion-text-1\"><h2>Komninos Komnios<\/h2>\n<p>Komninos Komnios is an Associate Professor at the International Hellenic University (IHU), Fellow 2023-24 at Catolica Global School of Law, and a Board Member of the Hellenic Regulatory Authority for Energy, Waste and Water. Dr. Komnios holds a Ph.D. (Doctor Iuris) from Saarland University and a post-doctoral thesis on evidence in national and international commercial arbitration. He has received advanced training in Mediation, Dispute Resolution, and Law from Tulane University School of Law and the Institut f\u00fcr Anwaltsrecht an der Humboldt-Universit\u00e4t zu Berlin. Dr. Komnios is a skilled attorney-at-law and an accredited mediator with extensive experience in legal advising and dispute resolution, and he has served as a legal advisor for various organizations. His research interests include the intersection of procedural law and digital technologies, arbitration, mediation, and energy law, and he has published over 70 books and papers (Greek, English, German) in the field.<\/p>\n<p><strong>Published monographs<\/strong><\/p>\n<p><strong>\u00a0<\/strong>He is the author of four monographs in Greek and one in German<\/p>\n<ul>\n<li>\u039a\u03bb\u03b9\u03bc\u03b1\u03c4\u03b9\u03ba\u03ae \u03ba\u03c1\u03af\u03c3\u03b7, \u0395\u03ba\u03b4\u03cc\u03c3\u03b5\u03b9\u03c2 \u03a3\u03ac\u03ba\u03ba\u03bf\u03c5\u03bb\u03b1 2022 (\u03b1\u03c0\u03cc \u03ba\u03bf\u03b9\u03bd\u03bf\u03cd \u03bc\u03b5 \u03c4\u03bf\u03bd \u0391\u03bd\u03b1\u03c0\u03bb. \u039a\u03b1\u03b8. \u0398. \u03a0\u03b1\u03bd\u03ac\u03b3\u03bf)<\/li>\n<li>\u0396\u03b7\u03c4\u03ae\u03bc\u03b1\u03c4\u03b1 \u03b1\u03c0\u03cc \u03c4\u03b7\u03bd \u03b5\u03c6\u03b1\u03c1\u03bc\u03bf\u03b3\u03ae \u03c4\u03bf\u03c5 \u0393\u03b5\u03bd\u03b9\u03ba\u03bf\u03cd \u039a\u03b1\u03bd\u03bf\u03bd\u03b9\u03c3\u03bc\u03bf\u03cd \u03b3\u03b9\u03b1 \u03c4\u03b7\u03bd \u03a0\u03c1\u03bf\u03c3\u03c4\u03b1\u03c3\u03af\u03b1 \u0394\u03b5\u03b4\u03bf\u03bc\u03ad\u03bd\u03c9\u03bd \u03c3\u03c4\u03b7 \u0394\u03b9\u03b5\u03b8\u03bd\u03ae \u0394\u03b9\u03b1\u03b9\u03c4\u03b7\u03c3\u03af\u03b1, \u0395\u03ba\u03b4\u03cc\u03c3\u03b5\u03b9\u03c2 \u03a3\u03ac\u03ba\u03ba\u03bf\u03c5\u03bb\u03b1, 2021<\/li>\n<li>\u0393\u03b5\u03bd\u03b9\u03ba\u03cc\u03c2 \u039a\u03b1\u03bd\u03bf\u03bd\u03b9\u03c3\u03bc\u03cc\u03c2 \u03b3\u03b9\u03b1 \u03c4\u03b7\u03bd \u03a0\u03c1\u03bf\u03c3\u03c4\u03b1\u03c3\u03af\u03b1 \u0394\u03b5\u03b4\u03bf\u03bc\u03ad\u03bd\u03c9\u03bd &#8211; \u03a0\u03c1\u03bf\u03c3\u03c6\u03c5\u03b3\u03ad\u03c2 &#8211; \u0395\u03c5\u03b8\u03cd\u03bd\u03b7 \u2013 \u039a\u03c5\u03c1\u03ce\u03c3\u03b5\u03b9\u03c2, \u0395\u03ba\u03b4\u03cc\u03c3\u03b5\u03b9\u03c2 \u03a3\u03ac\u03ba\u03ba\u03bf\u03c5\u03bb\u03b1, 2020<\/li>\n<li>\u0397 \u03b1\u03c0\u03cc\u03b4\u03b5\u03b9\u03be\u03b7 \u03c3\u03c4\u03b7\u03bd \u03b7\u03bc\u03b5\u03b4\u03b1\u03c0\u03ae \u03ba\u03b1\u03b9 \u03c3\u03c4\u03b7 \u03b4\u03b9\u03b5\u03b8\u03bd\u03ae \u03b4\u03b9\u03b1\u03b9\u03c4\u03b7\u03c3\u03af\u03b1, 2012, \u03b4\u03b7\u03bc\u03bf\u03c3. \u03c3\u03c4\u03bf \u0399\u03b4\u03c1\u03c5\u03bc\u03b1\u03c4\u03b9\u03ba\u03cc \u039a\u03b1\u03c4\u03b1\u03b8\u03b5\u03c4\u03ae\u03c1\u03b9\u03bf \u0395\u03c0\u03b9\u03c3\u03c4\u03b7\u03bc\u03bf\u03bd\u03b9\u03ba\u03ce\u03bd \u0395\u03c1\u03b3\u03b1\u03c3\u03b9\u03ce\u03bd \u03c4\u03bf\u03c5 \u0391\u03a0\u0398<\/li>\n<li>Die elektronische Signatur im Deutschen und Griechischen Recht, PETER LANG, 2007<\/li>\n<\/ul>\n<p><strong>\u00a0<\/strong><\/p>\n<p><strong>Selected Publications in Journals<\/strong><\/p>\n<ul>\n<li>Legal Consequences for non-compliance with the GDPR in International Arbitration, Arbitration: The International Journal of Arbitration, Mediation and Dispute Management, Volume 88, Issue 4, 2022, pp. 566 \u2013 578<\/li>\n<li>Auswirkungen der Datenschutz-Grundverordnung auf das Mediationsverfahren, ZKM 2022, pp. 120-125<\/li>\n<li>Viewing Mediation under the GDPR lens, in: T. Synodinou, Ph. Jougleux, Chr. Markou, Th. Prastitou (eds.), EU Internet Law in the Digital Single Market, Springer 2021, \u03c3. 419-446<\/li>\n<li>Cyber security for essential services and digital service providers in the Greek legal order, in: New technologies in Health: Medical, Legal &amp; Ethical issues, 2021, pp. 301-315<\/li>\n<li>Predictive Analytics in Greek court proceedings, Hellenic Review of European Law 2020, pp. 127-136<\/li>\n<li>The Implementation of the Consumer ADR Directive in Greece, Journal of European Consumer and Market Law (EuCML) 2016, pp. 244-249<\/li>\n<li>Electronic signatures: value in law and probative effectiveness in Greece, Digital Evidence Journal 2007, Vol. 4 Number 1, pp. 32-38<\/li>\n<li>E-Business in Griechenland in: Festschrift f\u00fcr Helmut R\u00fc\u00dfmann, 2013, pp. 721-732<\/li>\n<li>Pr\u00e4sidialerlass Nr. 150\/2001 &#8211; Umsetzung der Richtlinie 99\/93\/EG des Europ\u00e4ischen Parlaments und des Rates \u00fcber gemeinschaftliche Rahmenbedingungen f\u00fcr elektronische Signaturen (\u00dcbersetzung aus dem Griechischen), JurPC Web-Dok. 129\/2006, Abs. 1\u2013 92<\/li>\n<li>Der griechische Pr\u00e4sidialerlass 131\/2003 zur Umsetzung der E-Commerce-Richtlinie, ZfRV 2005, pp. 63-68<\/li>\n<li>Das Verbot von Spielen in Griechenland gem\u00e4\u00df dem Gesetz Nr. 3037\/2002 Bemerkungen zu LG Thessaloniki (Strafkammer), Entscheidung Nr. 6252\/2002, JurPC Web-Dok.105\/2003, Abs. 1-11<\/li>\n<\/ul>\n<\/div><\/div><\/div><\/div><\/div>\n","protected":false},"excerpt":{"rendered":"","protected":false},"author":1,"featured_media":0,"parent":3268,"menu_order":0,"comment_status":"closed","ping_status":"closed","template":"","meta":{"_acf_changed":false,"footnotes":""},"class_list":["post-11361","page","type-page","status-publish","hentry"],"acf":[],"_links":{"self":[{"href":"https:\/\/www.ihu.gr\/ucips\/wp-json\/wp\/v2\/pages\/11361","targetHints":{"allow":["GET"]}}],"collection":[{"href":"https:\/\/www.ihu.gr\/ucips\/wp-json\/wp\/v2\/pages"}],"about":[{"href":"https:\/\/www.ihu.gr\/ucips\/wp-json\/wp\/v2\/types\/page"}],"author":[{"embeddable":true,"href":"https:\/\/www.ihu.gr\/ucips\/wp-json\/wp\/v2\/users\/1"}],"replies":[{"embeddable":true,"href":"https:\/\/www.ihu.gr\/ucips\/wp-json\/wp\/v2\/comments?post=11361"}],"version-history":[{"count":1,"href":"https:\/\/www.ihu.gr\/ucips\/wp-json\/wp\/v2\/pages\/11361\/revisions"}],"predecessor-version":[{"id":11362,"href":"https:\/\/www.ihu.gr\/ucips\/wp-json\/wp\/v2\/pages\/11361\/revisions\/11362"}],"up":[{"embeddable":true,"href":"https:\/\/www.ihu.gr\/ucips\/wp-json\/wp\/v2\/pages\/3268"}],"wp:attachment":[{"href":"https:\/\/www.ihu.gr\/ucips\/wp-json\/wp\/v2\/media?parent=11361"}],"curies":[{"name":"wp","href":"https:\/\/api.w.org\/{rel}","templated":true}]}}